{"id":38,"date":"2016-02-08T17:02:36","date_gmt":"2016-02-08T16:02:36","guid":{"rendered":"http:\/\/fav-nwth.de\/?page_id=38"},"modified":"2018-09-22T19:45:33","modified_gmt":"2018-09-22T17:45:33","slug":"verbund","status":"publish","type":"page","link":"https:\/\/fav-nwth.de\/index.php\/verbund\/","title":{"rendered":"Verbund"},"content":{"rendered":"<p><img loading=\"lazy\" decoding=\"async\" src=\"https:\/\/www.fav-nwth.de\/images\/cnc.jpg\" alt=\" \" width=\"225\" height=\"151\" align=\"left\" hspace=\"10\" \/><\/p>\n<p style=\"text-align: justify;\">Z<span style=\"font-size: 14px;\">iel der Verbundausbildung ist es, die Ausbildungssituation unter besonderer Ber\u00fccksichtig der zuk\u00fcnftigen Fachkr\u00e4fteentwicklung in Th\u00fcringen zu verbessern.<br \/>\nFehlende materiell-technische Basis und personelle Voraussetzungen tragen in den Betrieben oft dazu bei,<br \/>\ndass nicht alle Ausbildungsinhalte die zu einer erfolgreichen Ausbildung notwendig sind, abgesichert werden k\u00f6nnen.<\/span><\/p>\n<p style=\"text-align: justify;\"><span style=\"font-size: 14px;\">Auf der Grundlage der Module der IHK Erfurt werden f\u00fcr die Auszubildenden in den Mitgliedsunternehmen Erg\u00e4nzungslehrg\u00e4nge und Zusatzqualifikationen bei kompetenten Bildungstr\u00e4gern umgesetzt. Die F\u00f6rderung dieser Lehrg\u00e4nge wird unterst\u00fctzt durch die Th\u00fcringer Landesregierung und aus Mitteln des Europ\u00e4ischen Sozialfonds. Sie tr\u00e4gt entscheidend zur Ausbildungsf\u00e4higkeit und Ausbildungsbereitschaft unserer Unternehmen bei.<\/span><\/p>\n<p style=\"text-align: justify;\"><span style=\"font-size: 14px;\">Die Verbundlehrg\u00e4nge sind unverzichtbarer Teil einer flexiblen, modernen und qualitativ hochwertigen Berufs-<br \/>\nausbildung und erm\u00f6glichen es, die gesamten Bereiche des Berufsbildes einerseits und neue Technologien andererseits bedarfsgerecht zu vermitteln.<\/span><\/p>\n<p style=\"text-align: justify;\"><span style=\"font-size: 14px;\">Erg\u00e4nzungslehrg\u00e4nge k\u00f6nnen ab dem 1. Ausbildungsjahr gef\u00f6rdert werden.<br \/>\nDie Dauer der F\u00f6rderung dieser Lehrg\u00e4nge betr\u00e4gt maximal f\u00fcr Auszubildende<\/span><\/p>\n<p style=\"text-align: justify;\"><span style=\"font-size: 14px;\">1.\u00a0 Ausbildungsjahr = 55 Tage (ge\u00e4ndert in 2016)<\/span><\/p>\n<p style=\"text-align: justify;\"><span style=\"font-size: 14px;\">2.\u00a0 Ausbildungsjahr = 40 Tage<\/span> (ge\u00e4ndert in 2016)<\/p>\n<p style=\"text-align: justify;\"><span style=\"font-size: 14px;\">3.\u00a0 Ausbildungsjahr = 20 Tage<\/span><\/p>\n<p style=\"text-align: justify;\"><span style=\"font-size: 14px;\">4. Ausbildungsjahr =\u00a0\u00a0\u00a0 5\u00a0Tage<\/span><\/p>\n<p>Gef\u00f6rdert durch den Freistaat Th\u00fcringen aus Mitteln des Europ\u00e4ischen Sozialfonds.<\/p>\n<p style=\"text-align: justify;\"><span style=\"font-size: 14px;\"><strong>Haben Sie Fragen zur Verbundausbildung wenden Sie sich an unsere Ansprechpartner.<\/strong><\/span><\/p>\n","protected":false},"excerpt":{"rendered":"<p>Ziel der Verbundausbildung ist es, die Ausbildungssituation unter besonderer Ber\u00fccksichtig der zuk\u00fcnftigen Fachkr\u00e4fteentwicklung in Th\u00fcringen zu verbessern. Fehlende materiell-technische Basis und personelle Voraussetzungen tragen in den Betrieben oft dazu bei, dass nicht alle Ausbildungsinhalte die zu einer erfolgreichen Ausbildung notwendig sind, abgesichert werden k\u00f6nnen. Auf der Grundlage der Module der IHK Erfurt werden f\u00fcr die [&hellip;]<\/p>\n","protected":false},"author":1,"featured_media":0,"parent":0,"menu_order":0,"comment_status":"closed","ping_status":"closed","template":"","meta":{"footnotes":""},"aioseo_notices":[],"_links":{"self":[{"href":"https:\/\/fav-nwth.de\/index.php\/wp-json\/wp\/v2\/pages\/38"}],"collection":[{"href":"https:\/\/fav-nwth.de\/index.php\/wp-json\/wp\/v2\/pages"}],"about":[{"href":"https:\/\/fav-nwth.de\/index.php\/wp-json\/wp\/v2\/types\/page"}],"author":[{"embeddable":true,"href":"https:\/\/fav-nwth.de\/index.php\/wp-json\/wp\/v2\/users\/1"}],"replies":[{"embeddable":true,"href":"https:\/\/fav-nwth.de\/index.php\/wp-json\/wp\/v2\/comments?post=38"}],"version-history":[{"count":6,"href":"https:\/\/fav-nwth.de\/index.php\/wp-json\/wp\/v2\/pages\/38\/revisions"}],"predecessor-version":[{"id":640,"href":"https:\/\/fav-nwth.de\/index.php\/wp-json\/wp\/v2\/pages\/38\/revisions\/640"}],"wp:attachment":[{"href":"https:\/\/fav-nwth.de\/index.php\/wp-json\/wp\/v2\/media?parent=38"}],"curies":[{"name":"wp","href":"https:\/\/api.w.org\/{rel}","templated":true}]}}