{"id":90,"date":"2016-02-08T17:01:54","date_gmt":"2016-02-08T16:01:54","guid":{"rendered":"http:\/\/fav-nwth.de\/?page_id=90"},"modified":"2018-09-22T19:40:26","modified_gmt":"2018-09-22T17:40:26","slug":"anfahrt","status":"publish","type":"page","link":"https:\/\/fav-nwth.de\/index.php\/anfahrt\/","title":{"rendered":"Anfahrt"},"content":{"rendered":"<p><span style=\"font-size: 14px;\"><iframe loading=\"lazy\" title=\"Anfahrt\" src=\"https:\/\/www.google.com\/maps\/embed?pb=!1m18!1m12!1m3!1d9958.885765977984!2d10.323622661261949!3d51.38979749018533!2m3!1f0!2f0!3f0!3m2!1i1024!2i768!4f13.1!3m3!1m2!1s0x47a4e80e0cb41b37%3A0x52fca9897b2b30fc!2sBirkunger+Str.+1A%2C+37327+Leinefelde-Worbis!5e0!3m2!1sde!2sde!4v1456514475678\" name=\"Anfahrt\" width=\"600\" height=\"450\" frameborder=\"0\" scrolling=\"no\"><\/iframe><\/span><\/p>\n<p>&nbsp;<\/p>\n<p><span style=\"font-size: 14px;\">Aus allen Richtungen kommend in Richtung Bahnhof bzw. Kaufland.<\/span><\/p>\n<p><span style=\"font-size: 14px;\">Unmittelbar in Bahnhofsn\u00e4he (R\u00fcckseite der Filiale HERFAG) befindet sich unser B\u00fcrogeb\u00e4ude.<\/span><\/p>\n<p>&nbsp;<\/p>\n<p><img loading=\"lazy\" decoding=\"async\" src=\"https:\/\/www.fav-nwth.de\/images\/buero.jpg\" alt=\" \" width=\"489\" height=\"254\" hspace=\"20\" vspace=\"0\" \/><\/p>\n<p><span style=\"font-size: 14px;\">\u00a0 37327 Leinefelde, Birkunger Str. 1 a<\/span><\/p>\n<p>&nbsp;<\/p>\n","protected":false},"excerpt":{"rendered":"<p>&nbsp; Aus allen Richtungen kommend in Richtung Bahnhof bzw. Kaufland. Unmittelbar in Bahnhofsn\u00e4he (R\u00fcckseite der Filiale HERFAG) befindet sich unser B\u00fcrogeb\u00e4ude. &nbsp; \u00a0 37327 Leinefelde, Birkunger Str. 1 a &nbsp;<\/p>\n","protected":false},"author":1,"featured_media":0,"parent":0,"menu_order":0,"comment_status":"closed","ping_status":"closed","template":"","meta":{"footnotes":""},"aioseo_notices":[],"_links":{"self":[{"href":"https:\/\/fav-nwth.de\/index.php\/wp-json\/wp\/v2\/pages\/90"}],"collection":[{"href":"https:\/\/fav-nwth.de\/index.php\/wp-json\/wp\/v2\/pages"}],"about":[{"href":"https:\/\/fav-nwth.de\/index.php\/wp-json\/wp\/v2\/types\/page"}],"author":[{"embeddable":true,"href":"https:\/\/fav-nwth.de\/index.php\/wp-json\/wp\/v2\/users\/1"}],"replies":[{"embeddable":true,"href":"https:\/\/fav-nwth.de\/index.php\/wp-json\/wp\/v2\/comments?post=90"}],"version-history":[{"count":10,"href":"https:\/\/fav-nwth.de\/index.php\/wp-json\/wp\/v2\/pages\/90\/revisions"}],"predecessor-version":[{"id":632,"href":"https:\/\/fav-nwth.de\/index.php\/wp-json\/wp\/v2\/pages\/90\/revisions\/632"}],"wp:attachment":[{"href":"https:\/\/fav-nwth.de\/index.php\/wp-json\/wp\/v2\/media?parent=90"}],"curies":[{"name":"wp","href":"https:\/\/api.w.org\/{rel}","templated":true}]}}